{"id":13842,"date":"2025-10-11T12:28:45","date_gmt":"2025-10-11T16:28:45","guid":{"rendered":"https:\/\/msk-plus.ca\/?page_id=13842"},"modified":"2026-01-30T11:34:53","modified_gmt":"2026-01-30T16:34:53","slug":"the-msk-peds-course-virtual-january-25-2026","status":"publish","type":"page","link":"https:\/\/msk-plus.ca\/?page_id=13842","title":{"rendered":"The MSK+ Peds Course &#8211; REBROADCAST &#8211; Virtual &#8211; February 8, 2026, 10 AM to 7:30 PM Eastern (New York \/ Toronto Time)"},"content":{"rendered":"\n<p><strong>The MSK+ Peds Course &#8211; Virtual<\/strong>  &#8211; REBROADCAST<\/p>\n\n\n\n<p>Zoom Platform<\/p>\n\n\n\n<p><br>The MSK Peds Course -Virtual <br><a href=\"https:\/\/msk-plus.ca\/?post_type=product&amp;paged=2\" data-type=\"URL\" data-id=\"https:\/\/msk-plus.ca\/?post_type=product&amp;paged=2\">Register here:<\/a><br><\/p>\n\n\n\n<p><br><\/p>\n\n\n\n<p>_____<strong>Master of Ceremony:\u00a0 \u00a010 AM &#8211; 10:30 AM<\/strong><br>Katherine A Pohlman, DC, MS, PhD<br>Introduction and future directions<\/p>\n\n\n\n<p><\/p>\n\n\n\n<p>___________________________________________________________________________________________________________<\/p>\n\n\n\n<p><strong>Dr. Melanie Abbott-Cambridge, BA, DC, MScPEDS\u00a0 \u00a010:30-11:30 AM<\/strong><\/p>\n\n\n\n<p><strong>Topic: The Newborn Assessment<\/strong><\/p>\n\n\n\n<p>___________________________________________________________________________________________________________<\/p>\n\n\n\n<p><strong>Mike Marinus, MTech Chiro, DC, MScPaeds,\u00a0 \u00a011:30 AM-12:30 PM<\/strong><\/p>\n\n\n\n<p>FRCC&nbsp;Fellow and Chair of the&nbsp;Royal&nbsp;College&nbsp;of Chiropractors\u2019 Specialist Faculty for Pregnancy and Paediatrics<\/p>\n\n\n\n<p><strong><em>T<\/em><\/strong><strong>o<em>pic: The Infant Core<\/em><\/strong><\/p>\n\n\n\n<p>___________________________________________________________________________________________________________<\/p>\n\n\n\n<p><strong><em>Break &#8211; Q and A\u00a0 &#8211;\u00a0 12:30-12:45 PM &#8211; Lunch \/ snack<\/em><\/strong><\/p>\n\n\n\n<p><strong><em>Aur\u00e9lie Marchand, MChiro, PgCert. MScACPP, MMEd, FRCC, FEAC\u00a0 \u00a012:45 &#8211; 1:45 PM<br>Topic:<br>Risk factors for pediatric low back pain and how to address them in your clinic<\/em><\/strong><\/p>\n\n\n\n<p>___________________________________________________________________________________________________________<\/p>\n\n\n\n<p><strong><em>Lunch 11:45 &#8211; 12:15&nbsp;<\/em><\/strong>I<\/p>\n\n\n\n<p>___________________________________________________________________________________________________________<\/p>\n\n\n\n<p><strong>Darlene Basit-Buan, B.A.Sc., D.C., I.B.C.L.C\u00a0\u00a0<em>2:15\u00a0 &#8211; 3:15 PM<\/em><\/strong><\/p>\n\n\n\n<p>Chiropractor<\/p>\n\n\n\n<p><strong><em>Topic: MSK-related challenges with Breastfeeding and Tongue Tie&nbsp;<\/em><\/strong><\/p>\n\n\n\n<p>___________________________________________________________________________________________________________<\/p>\n\n\n\n<p><strong>James E. Eubanks, M.D., M.S.\u00a0 \u00a03:15-4:15 PM<\/strong><br>Attending Physician, Dept. of Orthopaedics and Physical Medicine and Rehabilitation, Division of Physical Medicine and Rehabilitation, Spine Health<\/p>\n\n\n\n<p><strong><em>Topic: Scoliosis : Screening, Conservative Management and Referral Decision-Making<\/em><\/strong><\/p>\n\n\n\n<p>___________________________________________________________________________________________________________<\/p>\n\n\n\n<p><strong>4:15-4:30 Break &#8211; Q and A\u00a0<\/strong><\/p>\n\n\n\n<p><strong>Kelly E. Ainsworth, DC, MD, FRCPCS\u00a0 \u00a04:30-5:30 PM<\/strong><\/p>\n\n\n\n<p>Staff Pediatric Radiologist, McMaster Children\u2019s Hospital<br>Associate Professor, Diagnostic Imaging, McMaster University<\/p>\n\n\n\n<p>Topic: <strong><em>Pediatric Radiology<\/em><\/strong><\/p>\n\n\n\n<blockquote class=\"wp-block-quote is-layout-flow wp-block-quote-is-layout-flow\">\n<p><strong>Choosing the Right Modality for MSK Injuries in Children: MRI, CT, Ultrasound, and X-ray at a Glance<\/strong><\/p>\n\n\n\n<p><strong>Pediatric Sports trauma in the Skeletally Immature: Unique Imaging Considerations<\/strong><\/p>\n\n\n\n<p><\/p>\n<\/blockquote>\n\n\n\n<p>___________________________________________________________________________________________________________<\/p>\n\n\n\n<p><strong>Chantale Doucet , Chiropraticienne, D.C. , M.Sc.<\/strong>\u00a0<strong>5:30 -6:30 PM<\/strong><\/p>\n\n\n\n<p>Professeure clinicienne titulaire Directrice p\u00e9dagogique de la clinique universitaire de chiropratique 1er cycle<\/p>\n\n\n\n<p>D\u00e9partement de chiropratique | Universit\u00e9 du Qu\u00e9bec \u00e0 Trois-Rivi\u00e8res<\/p>\n\n\n\n<p><strong><em>Topics:<\/em><\/strong><\/p>\n\n\n\n<ul class=\"wp-block-list\">\n<li><strong><em>Assessment&nbsp;and Management of Flexible and&nbsp;Rigid&nbsp;Foot&nbsp;Presentations&nbsp;in&nbsp;Newly&nbsp;Ambulatory&nbsp;Pediatric&nbsp;Patients<\/em><\/strong><\/li>\n\n\n\n<li><strong><em>Congenital&nbsp;Muscular&nbsp;Torticollis:&nbsp;Evidence-Based&nbsp;Detection&nbsp;and&nbsp;Clinical&nbsp;Management<\/em><\/strong><\/li>\n<\/ul>\n\n\n\n<p>___________________________________________________________________________________________________________<\/p>\n\n\n\n<p><strong><em>C<\/em><\/strong><strong>arole Smith,\u00a0BA, DC, MEd, MSc\u00a0 6:30-7:30 PM<\/strong><\/p>\n\n\n\n<p>Course Coordinator and lecturer for Pediatrics and Clinical Psychology at CMCC, Chiropractor, Clinic Director, Acupuncture Provider and Doula at YOUR HEALTH Wellness<\/p>\n\n\n\n<p><strong><em>Topic: Assessment and Management of the Child with Special Needs<\/em><\/strong><\/p>\n\n\n\n<p>___________________________________________________________________________________________________________<\/p>\n\n\n\n<p><strong><br>Katherine A Pohlman &amp; Glen M. Harris &#8211; Wrap up\u00a0 &#8211; 7:30-7:45 PM<\/strong>________________________<\/p>\n","protected":false},"excerpt":{"rendered":"<p>The MSK+ Peds Course &#8211; Virtual &#8211; REBROADCAST Zoom Platform The MSK Peds Course -Virtual Register here: _____Master of Ceremony:\u00a0 \u00a010 AM &#8211; 10:30 AMKatherine A Pohlman, DC, MS, PhDIntroduction and future directions ___________________________________________________________________________________________________________ Dr. Melanie Abbott-Cambridge, BA, DC, MScPEDS\u00a0 \u00a010:30-11:30 AM Topic: The Newborn Assessment ___________________________________________________________________________________________________________ Mike Marinus, MTech Chiro, DC, MScPaeds,\u00a0 \u00a011:30 AM-12:30 &hellip; <a href=\"https:\/\/msk-plus.ca\/?page_id=13842\" class=\"more-link\">Continue reading <span class=\"screen-reader-text\">The MSK+ Peds Course &#8211; REBROADCAST &#8211; Virtual &#8211; February 8, 2026, 10 AM to 7:30 PM Eastern (New York \/ Toronto Time)<\/span><\/a><\/p>\n","protected":false},"author":2,"featured_media":0,"parent":0,"menu_order":0,"comment_status":"closed","ping_status":"closed","template":"","meta":{"footnotes":""},"class_list":["post-13842","page","type-page","status-publish","hentry"],"_links":{"self":[{"href":"https:\/\/msk-plus.ca\/index.php?rest_route=\/wp\/v2\/pages\/13842","targetHints":{"allow":["GET"]}}],"collection":[{"href":"https:\/\/msk-plus.ca\/index.php?rest_route=\/wp\/v2\/pages"}],"about":[{"href":"https:\/\/msk-plus.ca\/index.php?rest_route=\/wp\/v2\/types\/page"}],"author":[{"embeddable":true,"href":"https:\/\/msk-plus.ca\/index.php?rest_route=\/wp\/v2\/users\/2"}],"replies":[{"embeddable":true,"href":"https:\/\/msk-plus.ca\/index.php?rest_route=%2Fwp%2Fv2%2Fcomments&post=13842"}],"version-history":[{"count":10,"href":"https:\/\/msk-plus.ca\/index.php?rest_route=\/wp\/v2\/pages\/13842\/revisions"}],"predecessor-version":[{"id":14178,"href":"https:\/\/msk-plus.ca\/index.php?rest_route=\/wp\/v2\/pages\/13842\/revisions\/14178"}],"wp:attachment":[{"href":"https:\/\/msk-plus.ca\/index.php?rest_route=%2Fwp%2Fv2%2Fmedia&parent=13842"}],"curies":[{"name":"wp","href":"https:\/\/api.w.org\/{rel}","templated":true}]}}